{"id":1577,"date":"2021-03-20T18:55:50","date_gmt":"2021-03-20T17:55:50","guid":{"rendered":"http:\/\/ctn.oeiizk.waw.pl\/?page_id=1577"},"modified":"2021-09-10T12:55:10","modified_gmt":"2021-09-10T10:55:10","slug":"deklaracja-dostepnosci","status":"publish","type":"page","link":"http:\/\/ctn.oeiizk.waw.pl\/?page_id=1577","title":{"rendered":"Deklaracja dost\u0119pno\u015bci"},"content":{"rendered":"<h1 id=\"a11y-wstep\">Deklaracja dost\u0119pno\u015bci<\/h1>\n<p><span id=\"a11y-podmiot\">O\u015brodek Edukacji Informatycznej i Zastosowa\u0144 Komputer\u00f3w w Warszawie<\/span> zobowi\u0105zuje si\u0119 zapewni\u0107 dost\u0119pno\u015b\u0107 swojej strony internetowej zgodnie z ustaw\u0105 z dnia 4 kwietnia 2019 r. \u00a0o dost\u0119pno\u015bci cyfrowej stron internetowych i aplikacji mobilnych podmiot\u00f3w publicznych. O\u015bwiadczenie w sprawie dost\u0119pno\u015bci ma zastosowanie do <a id=\"a11y-url\" href=\"http:\/\/ctn.oeiizk.waw.pl\/\">strony internetowej Pracowni Przedmiot\u00f3w Przyrodniczych O\u015brodka Edukacji Informatycznej i Zastosowa\u0144 Komputer\u00f3w w Warszawie<\/a>.<\/p>\n<p>Data publikacji strony internetowej: <span id=\"a11y-data-publikacja\">2013-04-08<\/span><\/p>\n<p>Data ostatniej istotnej aktualizacji: <span id=\"a11y-data-aktualizacja\">2013-05-20<\/span><\/p>\n<h2><b>Status pod wzgl\u0119dem zgodno\u015bci z ustaw\u0105<\/b><\/h2>\n<p>Strona internetowa jest <span id=\"a11y-status\">cz\u0119\u015bciowo zgodna<\/span> z ustaw\u0105 z dnia 4 kwietnia 2019 r. o dost\u0119pno\u015bci cyfrowej stron internetowych i aplikacji mobilnych podmiot\u00f3w publicznych z powodu niezgodno\u015bci lub wy\u0142\u0105cze\u0144 wymienionych poni\u017cej:<\/p>\n<ul>\n<li>niekt\u00f3re materia\u0142y graficzne nie s\u0105 opatrzone tekstem alternatywnym,<\/li>\n<li>brak mapy strony,<\/li>\n<li>po powi\u0119kszeniu widoku strony do 200% nie wida\u0107 ca\u0142o\u015bci informacji,<\/li>\n<li>na stronie znajduj\u0105 si\u0119 elementy, kt\u00f3re nie spe\u0142niaj\u0105 minimalnych wymaga\u0144 kontrastu do t\u0142a.<\/li>\n<\/ul>\n<h2><b>Data sporz\u0105dzenia Deklaracji i metoda oceny dost\u0119pno\u015bci cyfrowej<\/b><\/h2>\n<p>O\u015bwiadczenie sporz\u0105dzono <span id=\"a11y-data-sporzadzenie\">2021-03-21<\/span>.<\/p>\n<p>O\u015bwiadczenie zosta\u0142o ostatnio poddane przegl\u0105dowi dnia: 2021-03-22.<\/p>\n<p>Deklaracj\u0119 sporz\u0105dzono na podstawie samooceny przeprowadzonej przez podmiot publiczny.<\/p>\n<h2><b>Skr\u00f3ty klawiszowe<\/b><\/h2>\n<p>Na stronie internetowej mo\u017cna u\u017cywa\u0107 standardowych skr\u00f3t\u00f3w klawiaturowych przegl\u0105darki.<\/p>\n<h2 id=\"a11y-kontakt\"><b>Informacje zwrotne i dane kontaktowe<\/b><\/h2>\n<p>W przypadku problem\u00f3w z dost\u0119pno\u015bci\u0105 strony internetowej prosimy o kontakt. Osob\u0105 wyznaczon\u0105 do kontakt\u00f3w jest <span id=\"a11y-osoba\">Kierownik Dzia\u0142u Organizacyjnego<\/span>, e-mail: <a href=\"mailto:do@oeiizk.waw.pl\"><span id=\"a11y-email\">do@oeiizk.waw.pl<\/span><\/a>. Kontaktowa\u0107 mo\u017cna si\u0119 tak\u017ce dzwoni\u0105c na nr telefonu:<span id=\"a11y-telefon\">22 57 94 146<\/span>. T\u0105 sam\u0105 drog\u0105 mo\u017cna sk\u0142ada\u0107 wnioski o udost\u0119pnienie informacji niedost\u0119pnej oraz sk\u0142ada\u0107 skargi na brak zapewnienia dost\u0119pno\u015bci.<\/p>\n<h2><b>Procedura wnioskowo-skargowa<\/b><\/h2>\n<p><span id=\"a11y-procedura\">Ka\u017cdy ma prawo do wyst\u0105pienia z \u017c\u0105daniem zapewnienia dost\u0119pno\u015bci cyfrowej strony internetowej, aplikacji mobilnej lub jakiego\u015b ich elementu. Mo\u017cna tak\u017ce za\u017c\u0105da\u0107 udost\u0119pnienia informacji za pomoc\u0105 alternatywnego sposobu dost\u0119pu, na przyk\u0142ad przez odczytanie niedost\u0119pnego cyfrowo dokumentu, opisanie zawarto\u015bci filmu bez audiodeskrypcji itp.<\/span><\/p>\n<p>\u017b\u0105danie powinno zawiera\u0107 dane osoby zg\u0142aszaj\u0105cej \u017c\u0105danie, wskazanie, o kt\u00f3r\u0105 stron\u0119 internetow\u0105 lub aplikacj\u0119 mobiln\u0105 chodzi oraz spos\u00f3b kontaktu. Je\u017celi osoba \u017c\u0105daj\u0105ca zg\u0142asza potrzeb\u0119 otrzymania informacji za pomoc\u0105 alternatywnego sposobu dost\u0119pu, powinna tak\u017ce okre\u015bli\u0107 dogodny dla niej spos\u00f3b przedstawiania tej informacji.<\/p>\n<p>Podmiot publiczny powinien zrealizowa\u0107 \u017c\u0105danie niezw\u0142ocznie, nie p\u00f3\u017aniej ni\u017c w ci\u0105gu 7 dni od dnia wyst\u0105pienia z \u017c\u0105daniem. Je\u017celi dotrzymanie tego terminu nie jest mo\u017cliwe, podmiot publiczny niezw\u0142ocznie informuje o tym wnosz\u0105cego \u017c\u0105danie, kiedy realizacja \u017c\u0105dania b\u0119dzie mo\u017cliwa, przy czym termin ten nie mo\u017ce by\u0107 d\u0142u\u017cszy ni\u017c 2 miesi\u0105ce od dnia z wyst\u0105pienia z \u017c\u0105daniem.<\/p>\n<p>Je\u017celi zapewnienie dost\u0119pno\u015bci cyfrowej nie jest mo\u017cliwe, podmiot publiczny mo\u017ce zaproponowa\u0107 alternatywny spos\u00f3b dost\u0119pu do informacji.<\/p>\n<p>W przypadku, gdy podmiot publiczny odm\u00f3wi realizacji \u017c\u0105dania zapewnienia dost\u0119pno\u015bci lub alternatywnego sposobu dost\u0119pu do informacji, wnosz\u0105cy \u017c\u0105danie mo\u017ce z\u0142o\u017cy\u0107 skarg\u0119 w sprawie zapewnienia dost\u0119pno\u015bci cyfrowej strony internetowej, aplikacji mobilnej lub elementu strony internetowej, lub aplikacji mobilnej.<\/p>\n<p>Po wyczerpaniu wskazanej wy\u017cej procedury mo\u017cna tak\u017ce z\u0142o\u017cy\u0107 wniosek do <a href=\"https:\/\/www.rpo.gov.pl\/content\/jak-zglosic-sie-do-rzecznika-praw-obywatelskich\">Rzecznika Praw Obywatelskich<\/a>.<\/p>\n<h2 id=\"a11y-architektura\"><b>Dost\u0119pno\u015b\u0107 architektoniczna<\/b><\/h2>\n<p>O\u015brodek Edukacji Informatycznej i Zastosowa\u0144 Komputer\u00f3w w Warszawie mie\u015bci si\u0119 w dw\u00f3ch r\u00f3\u017cnych lokalizacjach.<\/p>\n<h3><b style=\"font-size: 1em;\">1.\u00a0\u00a0\u00a0\u00a0\u00a0\u00a0 <\/b><b style=\"font-size: 1em;\">Budynek przy ulicy Raszy\u0144skiej 8\/10 w Warszawie<\/b><\/h3>\n<p>Siedziba O\u015brodka znajduje si\u0119 na II i III pi\u0119trze budynku, co stanowi 58% powierzchni u\u017cytkowej budynku.<\/p>\n<p>Na parterze i I pi\u0119trze budynku swoje pomieszczenia maj\u0105 Poradnia Psychologiczno-Pedagogiczna \u201eTOP\u201d oraz Poradnia Psychologiczno-Pedagogiczna \u201eUniwersytet dla Rodzic\u00f3w\u201d, dla kt\u00f3rych organem prowadz\u0105cym jest Miasto Sto\u0142eczne Warszawa.<\/p>\n<p>Administratorem budynku jest O\u015brodek, a jego organem prowadz\u0105cym jest Samorz\u0105d Wojew\u00f3dztwa Mazowieckiego.<\/p>\n<h4><b>Dost\u0119pno\u015b\u0107 wej\u015bcia do budynku<\/b><\/h4>\n<p>Do budynku prowadzi jedno wej\u015bcie od strony podw\u00f3rka. Nie jest ono przystosowane dla os\u00f3b niepe\u0142nosprawnych.<\/p>\n<h4><b>Dost\u0119pno\u015b\u0107 korytarzy, schod\u00f3w i wind<\/b><\/h4>\n<p>Budynek zbudowany jest w latach 30-tych ubieg\u0142ego stulecia i nie posiada windy ani innych dostosowa\u0144 dla os\u00f3b niepe\u0142nosprawnych.<\/p>\n<h4><b>Dostosowania dodatkowe<\/b><\/h4>\n<p>Na ka\u017cdym pi\u0119trze znajduj\u0105 si\u0119 toalety, dost\u0119pne dla wszystkich, nieprzystosowane dla os\u00f3b niepe\u0142nosprawnych. O\u015brodek nie posiada pochylni, platform, informacji g\u0142osowych.<\/p>\n<h4><b>Dost\u0119pno\u015b\u0107 parkingu<\/b><\/h4>\n<p>O\u015brodek nie posiada parkingu. Miejsca parkingowe s\u0105 p\u0142atne (parkomaty), znajduj\u0105 si\u0119 od strony ulicy Raszy\u0144skiej.<\/p>\n<h4><b>Informacja o prawie wst\u0119pu z psem asystuj\u0105cym<\/b><\/h4>\n<p>Do budynku O\u015brodka dozwolony jest wst\u0119p os\u00f3b niepe\u0142nosprawnych z psem asystuj\u0105cym. W\u00f3wczas niezb\u0119dna b\u0119dzie pomoc pracownik\u00f3w do pokonania schod\u00f3w.<\/p>\n<h4><b>Informacja o mo\u017cliwo\u015bci skorzystania z t\u0142umacza j\u0119zyka migowego na miejscu lub online<\/b><\/h4>\n<p>Brak mo\u017cliwo\u015bci skorzystania z t\u0142umacza j\u0119zyka migowego.<\/p>\n<h3><b>2.\u00a0\u00a0\u00a0\u00a0\u00a0\u00a0 <\/b><b>Budynek przy ulicy Nowogrodzkiej 73 w Warszawie<\/b><\/h3>\n<p>O\u015brodek znajduje si\u0119 na wysokim parterze, wej\u015bcie od ulicy Nowogrodzkiej.<\/p>\n<p>Administratorem budynku jest O\u015brodek, a jego organem prowadz\u0105cym jest Samorz\u0105d Wojew\u00f3dztwa Mazowieckiego.<\/p>\n<h4><b>Dost\u0119pno\u015b\u0107 wej\u015bcia do budynku<\/b><\/h4>\n<p>Budynek dostosowany jest do potrzeb os\u00f3b niepe\u0142nosprawnych. Przy wej\u015bciu znajduje si\u0119 platforma, dzi\u0119ki kt\u00f3rej mo\u017cna dosta\u0107 si\u0119 do pomieszcze\u0144 O\u015brodka. Wszystkie pomieszczenia, pracownie komputerowe i pokoje nauczycieli-konsultant\u00f3w oraz administracji znajduj\u0105 si\u0119 na jednym poziomie.<\/p>\n<h4><b>Dost\u0119pno\u015b\u0107 korytarzy, schod\u00f3w i wind<\/b><\/h4>\n<p>Wszystkie pomieszczenia znajduj\u0105 si\u0119 na jednym poziomie a korytarze s\u0105 odpowiedniej szeroko\u015bci, aby przemieszcza\u0107 si\u0119 nimi na w\u00f3zku inwalidzkim. O\u015brodek nie posiada informacji g\u0142osowych.<\/p>\n<h4><b>Dostosowania dodatkowe<\/b><\/h4>\n<p>Przy wej\u015bciu do O\u015brodka znajduj\u0105 si\u0119 toalety dost\u0119pne dla wszystkich. Jedna z toalet przystosowana jest dla os\u00f3b niepe\u0142nosprawnych.<\/p>\n<h4><b>Dost\u0119pno\u015b\u0107 parkingu<\/b><\/h4>\n<p>O\u015brodek posiada parking na terenie wewn\u0119trznym. Jest on przeznaczony dla pracownik\u00f3w OEIiZK. Dla s\u0142uchaczy szkole\u0144 miejsca parkingowe s\u0105 p\u0142atne (parkomaty), znajduj\u0105 si\u0119 od strony ulicy Nowogrodzkiej.<\/p>\n<h4><b>Informacja o prawie wst\u0119pu z psem asystuj\u0105cym<\/b><\/h4>\n<p>Do budynku O\u015brodka dozwolony jest wst\u0119p os\u00f3b niepe\u0142nosprawnych z psem asystuj\u0105cym.<\/p>\n<h4><b>Informacja o mo\u017cliwo\u015bci skorzystania z t\u0142umacza j\u0119zyka migowego na miejscu lub online<\/b><\/h4>\n<p>Brak mo\u017cliwo\u015bci skorzystania z t\u0142umacza j\u0119zyka migowego.<\/p>\n","protected":false},"excerpt":{"rendered":"<p>Deklaracja dost\u0119pno\u015bci O\u015brodek Edukacji Informatycznej i Zastosowa\u0144 Komputer\u00f3w w Warszawie zobowi\u0105zuje si\u0119 zapewni\u0107 dost\u0119pno\u015b\u0107 swojej strony internetowej zgodnie z ustaw\u0105 z dnia 4 kwietnia 2019 r. \u00a0o dost\u0119pno\u015bci cyfrowej stron internetowych i aplikacji mobilnych podmiot\u00f3w publicznych. O\u015bwiadczenie w sprawie dost\u0119pno\u015bci ma zastosowanie do strony internetowej Pracowni Przedmiot\u00f3w Przyrodniczych O\u015brodka Edukacji Informatycznej i Zastosowa\u0144 Komputer\u00f3w w [&hellip;]<\/p>\n","protected":false},"author":1,"featured_media":0,"parent":0,"menu_order":0,"comment_status":"closed","ping_status":"open","template":"","meta":[],"_links":{"self":[{"href":"http:\/\/ctn.oeiizk.waw.pl\/index.php?rest_route=\/wp\/v2\/pages\/1577"}],"collection":[{"href":"http:\/\/ctn.oeiizk.waw.pl\/index.php?rest_route=\/wp\/v2\/pages"}],"about":[{"href":"http:\/\/ctn.oeiizk.waw.pl\/index.php?rest_route=\/wp\/v2\/types\/page"}],"author":[{"embeddable":true,"href":"http:\/\/ctn.oeiizk.waw.pl\/index.php?rest_route=\/wp\/v2\/users\/1"}],"replies":[{"embeddable":true,"href":"http:\/\/ctn.oeiizk.waw.pl\/index.php?rest_route=%2Fwp%2Fv2%2Fcomments&post=1577"}],"version-history":[{"count":25,"href":"http:\/\/ctn.oeiizk.waw.pl\/index.php?rest_route=\/wp\/v2\/pages\/1577\/revisions"}],"predecessor-version":[{"id":1648,"href":"http:\/\/ctn.oeiizk.waw.pl\/index.php?rest_route=\/wp\/v2\/pages\/1577\/revisions\/1648"}],"wp:attachment":[{"href":"http:\/\/ctn.oeiizk.waw.pl\/index.php?rest_route=%2Fwp%2Fv2%2Fmedia&parent=1577"}],"curies":[{"name":"wp","href":"https:\/\/api.w.org\/{rel}","templated":true}]}}