{"id":29,"date":"2013-04-08T16:57:04","date_gmt":"2013-04-08T14:57:04","guid":{"rendered":"http:\/\/ctn.oeiizk.waw.pl\/?page_id=29"},"modified":"2018-12-06T23:42:32","modified_gmt":"2018-12-06T22:42:32","slug":"test","status":"publish","type":"page","link":"http:\/\/ctn.oeiizk.waw.pl\/?page_id=29","title":{"rendered":"Projekty edukacyjne"},"content":{"rendered":"<p><a title=\"BLOOM\" href=\"https:\/\/bloom-bioeconomy.eu\/\" target=\"_blank\"><b>BLOOM<\/b><\/a><b>\u00a0 (<i>Boosting European Citizens\u2019 Knowledge and Awareness of\u00a0Bio-Economy Research and Innovation<\/i>) <\/b>to\u00a0europejski projekt po\u015bwi\u0119cony upowszechnieniu wiedzy na\u00a0temat bio-gospodarki. Koordynatorem dzia\u0142a\u0144 edukacyjnych, w kt\u00f3rych uczestniczy 10 kraj\u00f3w europejskich (w tym Polska) jest <a title=\"EUN\" href=\"http:\/\/www.eun.org\/\" target=\"_blank\"><b>European Schoolnet<\/b><\/a>.<\/p>\n<p>Scenariusz zaj\u0119\u0107 <em><b>Examining the thermal properties of bio-based building materials, <\/b><\/em>opracowany przez zesp\u00f3\u0142 polski we wsp\u00f3\u0142pracy z nauczycielami z Austrii, by\u0142 testowany w <a title=\"Prus\" href=\"http:\/\/prus.edu.pl\" target=\"_blank\">XXXV LO z Oddzia\u0142ami Dwuj\u0119zycznymi im. B. Prusa<\/a> i w klasie IB XXXIII LO im. M. Kopernika w Warszawie.<\/p>\n<p>22 listopada 2018 uczennice i uczniowie klasy I A2 XXXV LO z Oddzia\u0142ami Dwuj\u0119zycznymi im. B. Prusa w Warszawie uczestniczy\u0142y (-li) w 4-godzinnych zaj\u0119ciach, prowadzonych przez El\u017cbiet\u0119 Kaweck\u0105. Podczas pracy w 4-osobowych grupach korzystano ze stanowisk komputerowych z dost\u0119pem do internetu oraz zestaw\u00f3w do pomiar\u00f3w wspomaganych komputerowo (interfejsy pomiarowe, czujniki temperatury, oprogramowanie do naboru i analizy danych).<\/p>\n<p>Tematyka lekcji:<\/p>\n<p>1. What\u2019s is the bio-economy?, Bio-economy in everyday life &#8211; dyskusja i tworzenie poster\u00f3w<\/p>\n<p>2. Badanie do\u015bwiadczalne w\u0142a\u015bciwo\u015bci termoizolacyjne r\u00f3\u017cnych materia\u0142\u00f3w (we\u0142na mineralna, wi\u00f3ry drewniane, mech, styropian)<\/p>\n<p>3. Komputerowa analiza i dyskusja wynik\u00f3w pomiar\u00f3w<\/p>\n<p><a href=\"http:\/\/ctn.oeiizk.waw.pl\/wp-content\/uploads\/2013\/04\/20181122_121403.jpg\" target=\"_blank\"><img loading=\"lazy\" class=\"wp-image-988 alignnone\" style=\"margin: 2px;\" alt=\"20181122_121403\" src=\"http:\/\/ctn.oeiizk.waw.pl\/wp-content\/uploads\/2013\/04\/20181122_121403-300x225.jpg\" width=\"180\" height=\"135\" srcset=\"http:\/\/ctn.oeiizk.waw.pl\/wp-content\/uploads\/2013\/04\/20181122_121403-300x225.jpg 300w, http:\/\/ctn.oeiizk.waw.pl\/wp-content\/uploads\/2013\/04\/20181122_121403-1000x750.jpg 1000w\" sizes=\"(max-width: 180px) 100vw, 180px\" \/><\/a> <a href=\"http:\/\/ctn.oeiizk.waw.pl\/wp-content\/uploads\/2013\/04\/20181122_121505.jpg\" target=\"_blank\"><img loading=\"lazy\" class=\"alignleft  wp-image-989\" style=\"margin: 2px;\" alt=\"20181122_121505\" src=\"http:\/\/ctn.oeiizk.waw.pl\/wp-content\/uploads\/2013\/04\/20181122_121505-300x225.jpg\" width=\"180\" height=\"135\" srcset=\"http:\/\/ctn.oeiizk.waw.pl\/wp-content\/uploads\/2013\/04\/20181122_121505-300x225.jpg 300w, http:\/\/ctn.oeiizk.waw.pl\/wp-content\/uploads\/2013\/04\/20181122_121505-1000x750.jpg 1000w\" sizes=\"(max-width: 180px) 100vw, 180px\" \/><\/a> <a href=\"http:\/\/ctn.oeiizk.waw.pl\/wp-content\/uploads\/2013\/04\/20181122_122806.jpg\" target=\"_blank\"><img loading=\"lazy\" class=\"wp-image-990 alignnone\" style=\"margin: 2px;\" alt=\"20181122_122806\" src=\"http:\/\/ctn.oeiizk.waw.pl\/wp-content\/uploads\/2013\/04\/20181122_122806-300x225.jpg\" width=\"180\" height=\"135\" srcset=\"http:\/\/ctn.oeiizk.waw.pl\/wp-content\/uploads\/2013\/04\/20181122_122806-300x225.jpg 300w, http:\/\/ctn.oeiizk.waw.pl\/wp-content\/uploads\/2013\/04\/20181122_122806-1000x750.jpg 1000w\" sizes=\"(max-width: 180px) 100vw, 180px\" \/><\/a> <a href=\"http:\/\/ctn.oeiizk.waw.pl\/wp-content\/uploads\/2013\/04\/20181122_122813.jpg\"><img loading=\"lazy\" class=\"alignleft  wp-image-991\" style=\"margin: 2px;\" alt=\"20181122_122813\" src=\"http:\/\/ctn.oeiizk.waw.pl\/wp-content\/uploads\/2013\/04\/20181122_122813-300x225.jpg\" width=\"180\" height=\"135\" srcset=\"http:\/\/ctn.oeiizk.waw.pl\/wp-content\/uploads\/2013\/04\/20181122_122813-300x225.jpg 300w, http:\/\/ctn.oeiizk.waw.pl\/wp-content\/uploads\/2013\/04\/20181122_122813-1000x750.jpg 1000w\" sizes=\"(max-width: 180px) 100vw, 180px\" \/><\/a> <a href=\"http:\/\/ctn.oeiizk.waw.pl\/wp-content\/uploads\/2013\/04\/20181122_122849.jpg\" target=\"_blank\"><img loading=\"lazy\" class=\" wp-image-992 alignnone\" style=\"margin: 2px;\" alt=\"20181122_122849\" src=\"http:\/\/ctn.oeiizk.waw.pl\/wp-content\/uploads\/2013\/04\/20181122_122849-300x225.jpg\" width=\"180\" height=\"135\" srcset=\"http:\/\/ctn.oeiizk.waw.pl\/wp-content\/uploads\/2013\/04\/20181122_122849-300x225.jpg 300w, http:\/\/ctn.oeiizk.waw.pl\/wp-content\/uploads\/2013\/04\/20181122_122849-1000x750.jpg 1000w\" sizes=\"(max-width: 180px) 100vw, 180px\" \/><\/a> <a href=\"http:\/\/ctn.oeiizk.waw.pl\/wp-content\/uploads\/2013\/04\/20181122_131357.jpg\" target=\"_blank\"><img loading=\"lazy\" class=\"wp-image-993 alignleft\" style=\"margin: 2px;\" alt=\"20181122_131357\" src=\"http:\/\/ctn.oeiizk.waw.pl\/wp-content\/uploads\/2013\/04\/20181122_131357-300x225.jpg\" width=\"180\" height=\"135\" srcset=\"http:\/\/ctn.oeiizk.waw.pl\/wp-content\/uploads\/2013\/04\/20181122_131357-300x225.jpg 300w, http:\/\/ctn.oeiizk.waw.pl\/wp-content\/uploads\/2013\/04\/20181122_131357-1000x750.jpg 1000w\" sizes=\"(max-width: 180px) 100vw, 180px\" \/><\/a> <a href=\"http:\/\/ctn.oeiizk.waw.pl\/wp-content\/uploads\/2013\/04\/20181122_135835.jpg\" target=\"_blank\"><img loading=\"lazy\" class=\" wp-image-994 alignnone\" style=\"margin: 2px;\" alt=\"20181122_135835\" src=\"http:\/\/ctn.oeiizk.waw.pl\/wp-content\/uploads\/2013\/04\/20181122_135835-300x225.jpg\" width=\"180\" height=\"135\" srcset=\"http:\/\/ctn.oeiizk.waw.pl\/wp-content\/uploads\/2013\/04\/20181122_135835-300x225.jpg 300w, http:\/\/ctn.oeiizk.waw.pl\/wp-content\/uploads\/2013\/04\/20181122_135835-1000x750.jpg 1000w\" sizes=\"(max-width: 180px) 100vw, 180px\" \/><\/a> <a href=\"http:\/\/ctn.oeiizk.waw.pl\/wp-content\/uploads\/2013\/04\/20181122_141450.jpg\" target=\"_blank\"><img loading=\"lazy\" class=\" wp-image-995 alignnone\" style=\"margin: 2px;\" alt=\"20181122_141450\" src=\"http:\/\/ctn.oeiizk.waw.pl\/wp-content\/uploads\/2013\/04\/20181122_141450-300x225.jpg\" width=\"180\" height=\"135\" srcset=\"http:\/\/ctn.oeiizk.waw.pl\/wp-content\/uploads\/2013\/04\/20181122_141450-300x225.jpg 300w, http:\/\/ctn.oeiizk.waw.pl\/wp-content\/uploads\/2013\/04\/20181122_141450-1000x750.jpg 1000w\" sizes=\"(max-width: 180px) 100vw, 180px\" \/><\/a> <a href=\"http:\/\/ctn.oeiizk.waw.pl\/wp-content\/uploads\/2013\/04\/20181122_141755.jpg\"><img loading=\"lazy\" class=\" wp-image-996 alignnone\" alt=\"20181122_141755\" src=\"http:\/\/ctn.oeiizk.waw.pl\/wp-content\/uploads\/2013\/04\/20181122_141755-300x225.jpg\" width=\"180\" height=\"135\" srcset=\"http:\/\/ctn.oeiizk.waw.pl\/wp-content\/uploads\/2013\/04\/20181122_141755-300x225.jpg 300w, http:\/\/ctn.oeiizk.waw.pl\/wp-content\/uploads\/2013\/04\/20181122_141755-1000x750.jpg 1000w\" sizes=\"(max-width: 180px) 100vw, 180px\" \/><\/a> <a href=\"http:\/\/ctn.oeiizk.waw.pl\/wp-content\/uploads\/2013\/04\/20181122_141809.jpg\"><img loading=\"lazy\" class=\" wp-image-997 alignnone\" alt=\"20181122_141809\" src=\"http:\/\/ctn.oeiizk.waw.pl\/wp-content\/uploads\/2013\/04\/20181122_141809-300x225.jpg\" width=\"180\" height=\"135\" srcset=\"http:\/\/ctn.oeiizk.waw.pl\/wp-content\/uploads\/2013\/04\/20181122_141809-300x225.jpg 300w, http:\/\/ctn.oeiizk.waw.pl\/wp-content\/uploads\/2013\/04\/20181122_141809-1000x750.jpg 1000w\" sizes=\"(max-width: 180px) 100vw, 180px\" \/><\/a> <a href=\"http:\/\/ctn.oeiizk.waw.pl\/wp-content\/uploads\/2013\/04\/20181122_145205p2.jpg\" target=\"_blank\"><img loading=\"lazy\" class=\" wp-image-998 alignnone\" style=\"margin: 2px;\" alt=\"20181122_145205p2\" src=\"http:\/\/ctn.oeiizk.waw.pl\/wp-content\/uploads\/2013\/04\/20181122_145205p2-300x195.jpg\" width=\"180\" height=\"135\" \/><\/a> <a href=\"http:\/\/ctn.oeiizk.waw.pl\/wp-content\/uploads\/2013\/04\/20181122_151343p.jpg\" target=\"_blank\"><img loading=\"lazy\" class=\" wp-image-999 alignnone\" style=\"margin: 2px;\" alt=\"20181122_151343p\" src=\"http:\/\/ctn.oeiizk.waw.pl\/wp-content\/uploads\/2013\/04\/20181122_151343p-300x224.jpg\" width=\"180\" height=\"135\" srcset=\"http:\/\/ctn.oeiizk.waw.pl\/wp-content\/uploads\/2013\/04\/20181122_151343p-300x224.jpg 300w, http:\/\/ctn.oeiizk.waw.pl\/wp-content\/uploads\/2013\/04\/20181122_151343p.jpg 339w\" sizes=\"(max-width: 180px) 100vw, 180px\" \/><\/a><\/p>\n<p>&nbsp;<\/p>\n<p>&nbsp;<\/p>\n<p><a href=\"http:\/\/ctn.oeiizk.waw.pl\/wp-content\/uploads\/2014\/01\/Scientix_logo.jpg\"><img loading=\"lazy\" class=\"alignleft size-medium wp-image-297\" title=\"Logo\" alt=\"Scientix\" src=\"http:\/\/ctn.oeiizk.waw.pl\/wp-content\/uploads\/2014\/01\/Scientix_logo-300x157.jpg\" width=\"231\" height=\"120\" srcset=\"http:\/\/ctn.oeiizk.waw.pl\/wp-content\/uploads\/2014\/01\/Scientix_logo-300x157.jpg 300w, http:\/\/ctn.oeiizk.waw.pl\/wp-content\/uploads\/2014\/01\/Scientix_logo-1000x524.jpg 1000w, http:\/\/ctn.oeiizk.waw.pl\/wp-content\/uploads\/2014\/01\/Scientix_logo.jpg 1968w\" sizes=\"(max-width: 231px) 100vw, 231px\" \/><\/a><\/p>\n<p><strong>SCIENTIX<\/strong> to europejska spo\u0142eczno\u015b\u0107 na rzecz nauczania przedmiot\u00f3w \u015bcis\u0142ych oraz <a title=\"Scientix\" href=\"http:\/\/scientix.eu\" target=\"_blank\"><strong>portal edukacyjn<\/strong><\/a>y zawieraj\u0105cy ogromne repozytorium projekt\u00f3w i materia\u0142\u00f3w dydaktycznych opracowanych w ramach europejskich i krajowych projekt\u00f3w edukacyjnych.<br \/>\nW O\u015brodku odby\u0142a si\u0119 krajowa konferencja Scientix (8-9 pa\u017adziernika 2015) oraz warsztaty (16 marca 2016), zorganizowane przez Instytut Geofizyki PAN &#8211; <a title=\"Scientix.pl\" href=\"http:\/\/scientix.pl\" target=\"_blank\"><strong>Krajowy Punkt Kontaktowy Scientix<\/strong><\/a> we wsp\u00f3\u0142pracy z OEIiZK. Przedstawiciele OEIiZK uczestniczyli w Europejskiej Konferencji Scientix w Brukseli oraz w warsztatach w Future Classroom Lab.<br \/>\nPrzedstawiciel OEIiZK El\u017cbieta Kawecka pe\u0142ni funkcje wiceambasadora Scientix w Polsce.<\/p>\n<p>Kontakt: El\u017cbieta Kawecka &#8211; e-mail: elka(at)oeiizk.waw.pl<\/p>\n<p>&nbsp;<\/p>\n<p>Zesp\u00f3\u0142 CTN bierze udzia\u0142\u00a0 w mi\u0119dzynarodowym projekcie <em><b><br \/>\nGOERUD<\/b><\/em><em><b>IO <\/b><\/em><em><b>&#8211; innowacyjne metody nauczania przedmiot\u00f3w \u015bcis\u0142y<\/b><\/em><img loading=\"lazy\" class=\"alignleft\" alt=\"GOERUDIO\" src=\"http:\/\/ctn.oeiizk.waw.pl\/wp-content\/uploads\/2013\/04\/Project_logo_transparent.png\" width=\"135\" height=\"85\" \/><em><b>ch<\/b><\/em><br \/>\n(<em><b>Goerudio<\/b><\/em><em><b> &#8211; Managing Learning process in science education).<br \/>\n<\/b><\/em>OEIiZK jest partnerem <em>stowarzyszonym projektu.<br \/>\n<\/em><\/p>\n<p>Celem projektu Goerudio jest upowszechnianie metod nauczania przedmiot\u00f3w \u015bcis\u0142ych rozwijaj\u0105cych kreatywno\u015b\u0107 uczni\u00f3w i u\u0142atwiaj\u0105cych zrozumienie zagadnie\u0144 naukowych. Koordynatorem projektu jest Riga State Technical School (\u0141otwa), za\u015b partnerami instytucje z Bu\u0142garii, Hiszpanii, Rumunii, S\u0142owacji, W\u0142och i Polski (36,6 Centrum Kompetencji). Projekt jest wsp\u00f3\u0142finansowany ze \u015brodk\u00f3w UE (Program Mi\u0119dzysektorowy KA4, Uczenie si\u0119 przez ca\u0142e \u017cycie).<\/p>\n<p>W dzia\u0142ania sieci Goerudio zaanga\u017cowane jest bezpo\u015brednio 35 szk\u00f3\u0142 z siedmiu kraj\u00f3w, a w ka\u017cdej ze szk\u00f3\u0142 minimum dw\u00f3ch nauczycieli przedmiot\u00f3w \u015bcis\u0142ych, co w sumie daje ponad 70 nauczycieli. Zak\u0142adaj\u0105c, \u017ce na ka\u017cdego nauczyciela przypada 20 uczni\u00f3w, w projekcie bierze udzia\u0142 oko\u0142o 1400 uczni\u00f3w. Efekty tej wsp\u00f3\u0142pracy s\u0105 publikowane na portalu projektu: <a title=\"GOERUDIO\" href=\"http:\/\/goerudio.pixel-online.org\" target=\"_blank\">http:\/\/goerudio.pixel-online.org<\/a><\/p>\n<p>G\u0142\u00f3wne dzia\u0142ania projektu to:<\/p>\n<ul>\n<li>Stworzenie europejskiej sieci, skupiaj\u0105cej nauczycieli przedmiot\u00f3w \u015bcis\u0142ych i uczni\u00f3w<\/li>\n<li>Dzielenie si\u0119 do\u015bwiadczeniami na temat g\u0142\u00f3wnych przeszk\u00f3d w nauczaniu i uczeniu si\u0119 przedmiot\u00f3w \u015bcis\u0142ych<\/li>\n<li>Identyfikacja i ocena istniej\u0105cych projekt\u00f3w i inicjatyw w zakresie nauczania przedmiot\u00f3w \u015bcis\u0142ych w oparciu o interaktywne i anga\u017cuj\u0105ce metody<\/li>\n<li>Opracowanie zasob\u00f3w dydaktycznych do nauki przedmiot\u00f3w \u015bcis\u0142ych<\/li>\n<li>Organizacja krajowych warsztat\u00f3w w celu upowszechniania wypracowanych rezultat\u00f3w<\/li>\n<\/ul>\n<p>&nbsp;<\/p>\n<p>Projekt <strong>W poszukiwaniu praw przyrody<\/strong>, realizowany\u00a0 w okresie 1.09.2012 &#8211; 31.08.2013 , mia\u0142\u00a0 na celu wsparcie nauczycieli <a href=\"http:\/\/ctn.oeiizk.waw.pl\/?attachment_id=222\" rel=\"attachment wp-att-222\"><img loading=\"lazy\" class=\"alignleft\" alt=\"z plakatu kolor\" src=\"http:\/\/ctn.oeiizk.waw.pl\/wp-content\/uploads\/2013\/04\/z-plakatu-kolor-300x243.png\" width=\"144\" height=\"116\" \/><\/a>przedmiot\u00f3w przyrodniczych wojew\u00f3dztwa mazowieckiego przy stosowaniu technologii informacyjno-komunikacyjnych (TIK) w nauczaniu, poprzez szkolenia oraz doposa\u017cenie szk\u00f3\u0142 w sprz\u0119t pomiarowy i oprogramowanie.<\/p>\n<p><a href=\"http:\/\/ppp.oeiizk.waw.pl\/\" target=\"_blank\">http:\/\/ppp.oeiizk.waw.pl<\/a><\/p>\n<p>&nbsp;<\/p>\n<p>CTN by\u0142o inicjatorem i realizatorem dw\u00f3ch mi\u0119dzynarodowych projekt\u00f3w edukacyjnych, w ramach kt\u00f3rych zosta\u0142y opracowane materia\u0142y edukacyjne do nauczania\/uczenia si\u0119 fizyki, chemii i biologii z wykorzystaniem r\u00f3\u017cnych narz\u0119dzi ICT: pomiar\u00f3w wspomaganych komputerowo, wideopomiar\u00f3w, modelowania i symulacji.<\/p>\n<p><strong>ICT for IST &#8211;<\/strong><em><strong>\u00a0ICT for Innovative Science Teachers, <\/strong><\/em><em>2009-2011, <i>(koordynowany\u00a0przez OEiIZK)\u00a0<\/i><\/em><\/p>\n<p><strong><a href=\"http:\/\/ictforist.oeiizk.waw.pl\/\" target=\"_blank\">http:\/\/ictforist.oeiizk.waw.pl\/<\/a><\/strong><\/p>\n<p><strong>IT for US &#8211;\u00a0<\/strong><i><strong>Information Technology for Understanding Science, <\/strong>2004-2008, (koordynowany\u00a0przez OEiIZK)<\/i><\/p>\n<p><strong><a href=\"http:\/\/www.itforus.oeiizk.waw.pl\/\" target=\"_blank\">http:\/\/www.itforus.oeiizk.waw.pl<\/a><\/strong><\/p>\n<p>&nbsp;<\/p>\n<p>&nbsp;<\/p>\n","protected":false},"excerpt":{"rendered":"<p>BLOOM\u00a0 (Boosting European Citizens\u2019 Knowledge and Awareness of\u00a0Bio-Economy Research and Innovation) to\u00a0europejski projekt po\u015bwi\u0119cony upowszechnieniu wiedzy na\u00a0temat bio-gospodarki. Koordynatorem dzia\u0142a\u0144 edukacyjnych, w kt\u00f3rych uczestniczy 10 kraj\u00f3w europejskich (w tym Polska) jest European Schoolnet. Scenariusz zaj\u0119\u0107 Examining the thermal properties of bio-based building materials, opracowany przez zesp\u00f3\u0142 polski we wsp\u00f3\u0142pracy z nauczycielami z Austrii, by\u0142 testowany [&hellip;]<\/p>\n","protected":false},"author":1,"featured_media":0,"parent":0,"menu_order":0,"comment_status":"closed","ping_status":"open","template":"","meta":[],"_links":{"self":[{"href":"http:\/\/ctn.oeiizk.waw.pl\/index.php?rest_route=\/wp\/v2\/pages\/29"}],"collection":[{"href":"http:\/\/ctn.oeiizk.waw.pl\/index.php?rest_route=\/wp\/v2\/pages"}],"about":[{"href":"http:\/\/ctn.oeiizk.waw.pl\/index.php?rest_route=\/wp\/v2\/types\/page"}],"author":[{"embeddable":true,"href":"http:\/\/ctn.oeiizk.waw.pl\/index.php?rest_route=\/wp\/v2\/users\/1"}],"replies":[{"embeddable":true,"href":"http:\/\/ctn.oeiizk.waw.pl\/index.php?rest_route=%2Fwp%2Fv2%2Fcomments&post=29"}],"version-history":[{"count":31,"href":"http:\/\/ctn.oeiizk.waw.pl\/index.php?rest_route=\/wp\/v2\/pages\/29\/revisions"}],"predecessor-version":[{"id":1008,"href":"http:\/\/ctn.oeiizk.waw.pl\/index.php?rest_route=\/wp\/v2\/pages\/29\/revisions\/1008"}],"wp:attachment":[{"href":"http:\/\/ctn.oeiizk.waw.pl\/index.php?rest_route=%2Fwp%2Fv2%2Fmedia&parent=29"}],"curies":[{"name":"wp","href":"https:\/\/api.w.org\/{rel}","templated":true}]}}