{"id":52,"date":"2013-05-16T18:45:49","date_gmt":"2013-05-16T16:45:49","guid":{"rendered":"http:\/\/ctn.oeiizk.waw.pl\/?page_id=52"},"modified":"2020-12-08T10:44:45","modified_gmt":"2020-12-08T09:44:45","slug":"ctn","status":"publish","type":"page","link":"http:\/\/ctn.oeiizk.waw.pl\/?page_id=52","title":{"rendered":"PPP"},"content":{"rendered":"<p><strong>Pracownia Przedmiot\u00f3w Przyrodniczych\u00a0<\/strong>jest dzia\u0142em<a title=\"OEiIZK\" href=\"http:\/\/www.oeiizk.waw.pl\" target=\"_blank\"> OEIiZK<\/a> zajmuj\u0105cym si\u0119 zastosowaniem TIK w nauczaniu przedmiot\u00f3w przyrodniczych.<\/p>\n<ul>\n<li>Tworzymy nowe opracowania dydaktyczne<\/li>\n<li>Szkolimy nauczycieli przedmiot\u00f3w przyrodniczych<\/li>\n<li>Promujemy specjalistyczny sprz\u0119t pomiarowy i oprogramowanie<\/li>\n<li>Prowadzimy lekcje dla m\u0142odzie\u017cy szkolnej<\/li>\n<li>Wsp\u00f3\u0142pracujemy z o\u015brodkami krajowymi i zagranicznymi<\/li>\n<li>Uczestniczymy w projektach edukacyjnych<\/li>\n<\/ul>\n<p>Zesp\u00f3\u0142 PPP stanowi\u0105 nauczyciele konsultanci OEIiZK, b\u0119d\u0105cy r\u00f3wnocze\u015bnie nauczycielami przedmiot\u00f3w\u00a0przyrodniczych\u00a0w szko\u0142ach:<\/p>\n<p>Anna Grzybowska &#8211; geografia, kierownik zespo\u0142u,\u00a0 mail:\u00a0<a href=\"mailto:anna.grzybowska@oeiizk.waw.pl\">anna.grzybowska@oeiizk.waw.pl<\/a><\/p>\n<p>Witold Kranas\u00a0 &#8211; fizyka, astronomia, mail:\u00a0<a href=\"witold.kranas@oeiizk.waw.pl\">witold.kranas@oeiizk.waw.pl<\/a><\/p>\n<p>Ma\u0142gorzata Witecka &#8211; przyroda, geografia, mail:\u00a0<a href=\"mailto:malgorzata.witecka@oeiizk.waw.pl\">malgorzata.witecka@oeiizk.waw.pl<\/a><\/p>\n<p>Renata Sidoruk-So\u0142oducha &#8211; biologia, mail:\u00a0<a href=\"mailto:rsoloducha@oeiizk.waw.pl\">rsoloducha@oeiizk.waw.pl<br \/>\n<\/a><\/p>\n<p>Dariusz Brzuska -chemia, mail:<a href=\"mailto:dariusz.brzuska@oeiizk.waw.pl\" rel=\"noreferrer\">dariusz.brzuska@oeiizk.waw.pl<\/a><\/p>\n<p>Justyna Kami\u0144ska &#8211; chemia, mail: justyna.kaminska@oeiizk.waw.pl<\/p>\n<p>&nbsp;<\/p>\n<p>&nbsp;<\/p>\n<p>&nbsp;<\/p>\n","protected":false},"excerpt":{"rendered":"<p>Pracownia Przedmiot\u00f3w Przyrodniczych\u00a0jest dzia\u0142em OEIiZK zajmuj\u0105cym si\u0119 zastosowaniem TIK w nauczaniu przedmiot\u00f3w przyrodniczych. Tworzymy nowe opracowania dydaktyczne Szkolimy nauczycieli przedmiot\u00f3w przyrodniczych Promujemy specjalistyczny sprz\u0119t pomiarowy i oprogramowanie Prowadzimy lekcje dla m\u0142odzie\u017cy szkolnej Wsp\u00f3\u0142pracujemy z o\u015brodkami krajowymi i zagranicznymi Uczestniczymy w projektach edukacyjnych Zesp\u00f3\u0142 PPP stanowi\u0105 nauczyciele konsultanci OEIiZK, b\u0119d\u0105cy r\u00f3wnocze\u015bnie nauczycielami przedmiot\u00f3w\u00a0przyrodniczych\u00a0w szko\u0142ach: Anna Grzybowska [&hellip;]<\/p>\n","protected":false},"author":1,"featured_media":0,"parent":0,"menu_order":0,"comment_status":"closed","ping_status":"open","template":"","meta":[],"_links":{"self":[{"href":"http:\/\/ctn.oeiizk.waw.pl\/index.php?rest_route=\/wp\/v2\/pages\/52"}],"collection":[{"href":"http:\/\/ctn.oeiizk.waw.pl\/index.php?rest_route=\/wp\/v2\/pages"}],"about":[{"href":"http:\/\/ctn.oeiizk.waw.pl\/index.php?rest_route=\/wp\/v2\/types\/page"}],"author":[{"embeddable":true,"href":"http:\/\/ctn.oeiizk.waw.pl\/index.php?rest_route=\/wp\/v2\/users\/1"}],"replies":[{"embeddable":true,"href":"http:\/\/ctn.oeiizk.waw.pl\/index.php?rest_route=%2Fwp%2Fv2%2Fcomments&post=52"}],"version-history":[{"count":20,"href":"http:\/\/ctn.oeiizk.waw.pl\/index.php?rest_route=\/wp\/v2\/pages\/52\/revisions"}],"predecessor-version":[{"id":56,"href":"http:\/\/ctn.oeiizk.waw.pl\/index.php?rest_route=\/wp\/v2\/pages\/52\/revisions\/56"}],"wp:attachment":[{"href":"http:\/\/ctn.oeiizk.waw.pl\/index.php?rest_route=%2Fwp%2Fv2%2Fmedia&parent=52"}],"curies":[{"name":"wp","href":"https:\/\/api.w.org\/{rel}","templated":true}]}}