{"id":73,"date":"2013-05-20T16:21:14","date_gmt":"2013-05-20T14:21:14","guid":{"rendered":"http:\/\/ctn.oeiizk.waw.pl\/?page_id=73"},"modified":"2014-04-16T21:28:15","modified_gmt":"2014-04-16T19:28:15","slug":"wspolpraca","status":"publish","type":"page","link":"http:\/\/ctn.oeiizk.waw.pl\/?page_id=73","title":{"rendered":"Wsp\u00f3\u0142praca"},"content":{"rendered":"<p><strong>Wsp\u00f3\u0142praca krajowa:<\/strong><\/p>\n<ul>\n<li><a style=\"text-align: center;\" title=\"Polskie Stowarzyszenie Nauczycieli Przedmiot\u00f3w Przyrodniczych - PSNPP\" href=\"http:\/\/www.fizyka.umk.pl\/~scimath\/psnpp\/\">Polskie Stowarzyszenie Nauczycieli Przedmiot\u00f3w Przyrodniczych &#8211; PSNPP<\/a><\/li>\n<li><a title=\"Zak\u0142ad Dydaktyki Fizyki UW\" href=\"http:\/\/ifd.fuw.edu.pl\/zaklady\/dydaktyki-fizyki\" target=\"_blank\">Zak\u0142ad Dydaktyki Fizyki UW<\/a><\/li>\n<li><a title=\"Laboratorium Dydaktyki Chemii UW\" href=\"http:\/\/www.chem.uw.edu.pl\/labs\/ldc.php?group=fchem&amp;head=Zak%B3ady%20\/%20Pracownie|Laboratorium%20Dydaktyki%20Chemii\" target=\"_blank\">Laboratorium Dydaktyki Chemii UW<\/a><\/li>\n<li><a title=\"Centrum Informacji o \u015arodowisku UNEP\/GRID-Warszawa\" href=\"http:\/\/www.gridw.pl\/?dz=menu&amp;ids=gridw\" target=\"_blank\">Centrum Informacji o \u015arodowisku UNEP\/GRID-Warszawa<\/a><\/li>\n<li><a title=\"ESRI - Polska\" href=\"http:\/\/www.esri.pl\/\" target=\"_blank\">ESRI &#8211; Polska<\/a><\/li>\n<\/ul>\n<p><strong>Wsp\u00f3\u0142praca zagraniczna:<\/strong><\/p>\n<ul>\n<li>\n<p style=\"display: inline !important;\"><a title=\"Fundacja CMA (Centre for Microcomputer Applications) w Amsterdamie\" href=\"http:\/\/www.cma-science.nl\/\" target=\"_blank\">Fundacja\u00a0CMA\u00a0(<b>C<\/b>entre for\u00a0<b>M<\/b>icrocomputer\u00a0<b>A<\/b>pplications)\u00a0w Amsterdamie<\/a><\/p>\n<\/li>\n<li><a title=\"GIREP -  International Research Group on Physics Teaching\" href=\"http:\/\/www.girep.org\/\" target=\"_blank\">GIREP &#8211; International Research Group on Physics Teaching<\/a><\/li>\n<li>CBLiS &#8211;\u00a0\u00a0Computer-Based Learning in Science: <a title=\"CBLIS2010\" href=\"http:\/\/cblis2010.oeiizk.waw.pl\" target=\"_blank\">CBLIS2010<\/a>, \u00a0<a title=\"CBLIS2012\" href=\"http:\/\/www.euagenda.eu\/2012\/6\/26\/10th-International-CBLIS-Conference\" target=\"_blank\">CBLIS2012<\/a><\/li>\n<\/ul>\n<p>&nbsp;<\/p>\n<p>&nbsp;<\/p>\n<p>&nbsp;<\/p>\n","protected":false},"excerpt":{"rendered":"<p>Wsp\u00f3\u0142praca krajowa: Polskie Stowarzyszenie Nauczycieli Przedmiot\u00f3w Przyrodniczych &#8211; PSNPP Zak\u0142ad Dydaktyki Fizyki UW Laboratorium Dydaktyki Chemii UW Centrum Informacji o \u015arodowisku UNEP\/GRID-Warszawa ESRI &#8211; Polska Wsp\u00f3\u0142praca zagraniczna: Fundacja\u00a0CMA\u00a0(Centre for\u00a0Microcomputer\u00a0Applications)\u00a0w Amsterdamie GIREP &#8211; International Research Group on Physics Teaching CBLiS &#8211;\u00a0\u00a0Computer-Based Learning in Science: CBLIS2010, \u00a0CBLIS2012 &nbsp; &nbsp; &nbsp;<\/p>\n","protected":false},"author":1,"featured_media":0,"parent":0,"menu_order":0,"comment_status":"closed","ping_status":"open","template":"","meta":[],"_links":{"self":[{"href":"http:\/\/ctn.oeiizk.waw.pl\/index.php?rest_route=\/wp\/v2\/pages\/73"}],"collection":[{"href":"http:\/\/ctn.oeiizk.waw.pl\/index.php?rest_route=\/wp\/v2\/pages"}],"about":[{"href":"http:\/\/ctn.oeiizk.waw.pl\/index.php?rest_route=\/wp\/v2\/types\/page"}],"author":[{"embeddable":true,"href":"http:\/\/ctn.oeiizk.waw.pl\/index.php?rest_route=\/wp\/v2\/users\/1"}],"replies":[{"embeddable":true,"href":"http:\/\/ctn.oeiizk.waw.pl\/index.php?rest_route=%2Fwp%2Fv2%2Fcomments&post=73"}],"version-history":[{"count":18,"href":"http:\/\/ctn.oeiizk.waw.pl\/index.php?rest_route=\/wp\/v2\/pages\/73\/revisions"}],"predecessor-version":[{"id":126,"href":"http:\/\/ctn.oeiizk.waw.pl\/index.php?rest_route=\/wp\/v2\/pages\/73\/revisions\/126"}],"wp:attachment":[{"href":"http:\/\/ctn.oeiizk.waw.pl\/index.php?rest_route=%2Fwp%2Fv2%2Fmedia&parent=73"}],"curies":[{"name":"wp","href":"https:\/\/api.w.org\/{rel}","templated":true}]}}